{"id":74,"date":"2023-09-26T18:26:35","date_gmt":"2023-09-26T18:26:35","guid":{"rendered":"https:\/\/op360.de\/?page_id=74"},"modified":"2023-09-26T18:26:35","modified_gmt":"2023-09-26T18:26:35","slug":"74-2","status":"publish","type":"page","link":"https:\/\/op360.de\/?page_id=74","title":{"rendered":""},"content":{"rendered":"\n<h5 class=\"wp-block-heading\">Datenschutzerkl\u00e4rung<\/h5>\n\n\n\n<p class=\"has-text-align-center\"><br>1. Datenschutz auf einen Blick<br>Allgemeine Hinweise<br>Die folgenden Hinweise geben einen einfachen \u00dcberblick dar\u00fcber, was mit Ihren personenbezogenen Daten<br>passiert, wenn Sie diese Website besuchen. Personenbezogene Daten sind alle Daten, mit denen Sie<br>pers\u00f6nlich identifiziert werden k\u00f6nnen. Ausf\u00fchrliche Informationen zum Thema Datenschutz entnehmen<br>Sie unserer unter diesem Text aufgef\u00fchrten Datenschutzerkl\u00e4rung.<br>Datenerfassung auf dieser Website<br>Wer ist verantwortlich f\u00fcr die Datenerfassung auf dieser Website?<br>Die Datenverarbeitung auf dieser Website erfolgt durch den Websitebetreiber. Dessen Kontaktdaten<br>k\u00f6nnen Sie dem Abschnitt \u201eHinweis zur Verantwortlichen Stelle\u201c in dieser Datenschutzerkl\u00e4rung<br>entnehmen.<br>Wie erfassen wir Ihre Daten?<br>Ihre Daten werden zum einen dadurch erhoben, dass Sie uns diese mitteilen. Hierbei kann es sich z. B. um<br>Daten handeln, die Sie in ein Kontaktformular eingeben.<br>Andere Daten werden automatisch oder nach Ihrer Einwilligung beim Besuch der Website durch unsere ITSysteme<br>erfasst. Das sind vor allem technische Daten (z. B. Internetbrowser, Betriebssystem oder Uhrzeit<br>des Seitenaufrufs). Die Erfassung dieser Daten erfolgt automatisch, sobald Sie diese Website betreten.<br>Wof\u00fcr nutzen wir Ihre Daten?<br>Ein Teil der Daten wird erhoben, um eine fehlerfreie Bereitstellung der Website zu gew\u00e4hrleisten. Andere<br>Daten k\u00f6nnen zur Analyse Ihres Nutzerverhaltens verwendet werden.<br>Welche Rechte haben Sie bez\u00fcglich Ihrer Daten?<br>Sie haben jederzeit das Recht, unentgeltlich Auskunft \u00fcber Herkunft, Empf\u00e4nger und Zweck Ihrer<br>gespeicherten personenbezogenen Daten zu erhalten. Sie haben au\u00dferdem ein Recht, die Berichtigung oder<br>L\u00f6schung dieser Daten zu verlangen. Wenn Sie eine Einwilligung zur Datenverarbeitung erteilt haben,<br>k\u00f6nnen Sie diese Einwilligung jederzeit f\u00fcr die Zukunft widerrufen. Au\u00dferdem haben Sie das Recht, unter<br>bestimmten Umst\u00e4nden die Einschr\u00e4nkung der Verarbeitung Ihrer personenbezogenen Daten zu verlangen.<br>Des Weiteren steht Ihnen ein Beschwerderecht bei der zust\u00e4ndigen Aufsichtsbeh\u00f6rde zu.<br>Hierzu sowie zu weiteren Fragen zum Thema Datenschutz k\u00f6nnen Sie sich jederzeit an uns wenden.<br>Analyse-Tools und Tools von Drittanbietern<br>Beim Besuch dieser Website kann Ihr Surf-Verhalten statistisch ausgewertet werden. Das geschieht vor<br>allem mit sogenannten Analyseprogrammen.<br>Detaillierte Informationen zu diesen Analyseprogrammen finden Sie in der folgenden<br>Datenschutzerkl\u00e4rung.<br>2. Hosting und Content Delivery Networks (CDN)<br>Externes Hosting<br>Diese Website wird bei einem externen Dienstleister gehostet (Hoster). Die personenbezogenen Daten, die<br>auf dieser Website erfasst werden, werden auf den Servern des Hosters gespeichert. Hierbei kann es sich v.<br>a. um IP-Adressen, Kontaktanfragen, Meta- und Kommunikationsdaten, Vertragsdaten, Kontaktdaten,<br>Namen, Websitezugriffe und sonstige Daten, die \u00fcber eine Website generiert werden, handeln.<br>Der Einsatz des Hosters erfolgt zum Zwecke der Vertragserf\u00fcllung gegen\u00fcber unseren potenziellen und<br>bestehenden Kunden (Art. 6 Abs. 1 lit. b DSGVO) und im Interesse einer sicheren, schnellen und effizienten<br>Bereitstellung unseres Online-Angebots durch einen professionellen Anbieter (Art. 6 Abs. 1 lit. f DSGVO).<br>Unser Hoster wird Ihre Daten nur insoweit verarbeiten, wie dies zur Erf\u00fcllung seiner Leistungspflichten<br>erforderlich ist und unsere Weisungen in Bezug auf diese Daten befolgen.<br>Wir setzen folgenden Hoster ein:<br>OVH GmbH<br>Limburger Str. 45,<br>65555 Limburg an der Lahn<\/p>\n\n\n\n<p class=\"has-text-align-center\"><br>Abschluss eines Vertrages \u00fcber Auftragsverarbeitung<br>Um die datenschutzkonforme Verarbeitung zu gew\u00e4hrleisten, haben wir einen Vertrag \u00fcber<br>Auftragsverarbeitung mit unserem Hoster geschlossen.<br>3. Allgemeine Hinweise und Pflichtinformationen<br>Datenschutz<br>Die Betreiber dieser Seiten nehmen den Schutz Ihrer pers\u00f6nlichen Daten sehr ernst. Wir behandeln Ihre<br>personenbezogenen Daten vertraulich und entsprechend der gesetzlichen Datenschutzvorschriften sowie<br>dieser Datenschutzerkl\u00e4rung.<br>Wenn Sie diese Website benutzen, werden verschiedene personenbezogene Daten erhoben.<br>Personenbezogene Daten sind Daten, mit denen Sie pers\u00f6nlich identifiziert werden k\u00f6nnen. Die vorliegende<br>Datenschutzerkl\u00e4rung erl\u00e4utert, welche Daten wir erheben und wof\u00fcr wir sie nutzen. Sie erl\u00e4utert auch, wie<br>und zu welchem Zweck das geschieht.<br>Wir weisen darauf hin, dass die Daten\u00fcbertragung im Internet (z. B. bei der Kommunikation per E-Mail)<br>Sicherheitsl\u00fccken aufweisen kann. Ein l\u00fcckenloser Schutz der Daten vor dem Zugriff durch Dritte ist nicht<br>m\u00f6glich.<br>Hinweis zur verantwortlichen Stelle<br>Die verantwortliche Stelle f\u00fcr die Datenverarbeitung auf dieser Website ist:<br>OnePic360<br>Jetzork \/ K\u00f6ster GbR<br>Wernerstr. 395<br>59192 Bergkamen<br>Deutschland<br>Gesellschafter:<br>Nico Jetzork<br>Frederik K\u00f6ster<br>Telefon: 02307 9644980<br>E-Mail: kontakt@onepic360.de<\/p>\n\n\n\n<p class=\"has-text-align-center\"><br>Verantwortliche Stelle ist die nat\u00fcrliche oder juristische Person, die allein oder gemeinsam mit anderen \u00fcber<br>die Zwecke und Mittel der Verarbeitung von personenbezogenen Daten (z. B. Namen, E-Mail-Adressen o. \u00c4.)<br>entscheidet.<br>Speicherdauer<br>Soweit innerhalb dieser Datenschutzerkl\u00e4rung keine speziellere Speicherdauer genannt wurde, verbleiben<br>Ihre personenbezogenen Daten bei uns, bis der Zweck f\u00fcr die Datenverarbeitung entf\u00e4llt. Wenn Sie ein<br>berechtigtes L\u00f6schersuchen geltend machen oder eine Einwilligung zur Datenverarbeitung widerrufen,<br>werden Ihre Daten gel\u00f6scht, sofern wir keinen anderen rechtlich zul\u00e4ssigen Gr\u00fcnde f\u00fcr die Speicherung<br>Ihrer personenbezogenen Daten haben (z.B. steuer- oder handelsrechtliche Aufbewahrungsfristen); im<br>letztgenannten Fall erfolgt die L\u00f6schung nach Fortfall dieser Gr\u00fcnde.<br>Widerruf Ihrer Einwilligung zur Datenverarbeitung<br>Viele Datenverarbeitungsvorg\u00e4nge sind nur mit Ihrer ausdr\u00fccklichen Einwilligung m\u00f6glich. Sie k\u00f6nnen eine<br>bereits erteilte Einwilligung jederzeit widerrufen. Die Rechtm\u00e4\u00dfigkeit der bis zum Widerruf erfolgten<br>Datenverarbeitung bleibt vom Widerruf unber\u00fchrt.<br>Widerspruchsrecht gegen die Datenerhebung in besonderen F\u00e4llen sowie gegen<br>Direktwerbung (Art. 21 DSGVO)<br>WENN DIE DATENVERARBEITUNG AUF GRUNDLAGE VON ART. 6 ABS. 1 LIT. E ODER F DSGVO<br>ERFOLGT, HABEN SIE JEDERZEIT DAS RECHT, AUS GR\u00dcNDEN, DIE SICH AUS IHRER BESONDEREN<br>SITUATION ERGEBEN, GEGEN DIE VERARBEITUNG IHRER PERSONENBEZOGENEN DATEN<br>WIDERSPRUCH EINZULEGEN; DIES GILT AUCH F\u00dcR EIN AUF DIESE BESTIMMUNGEN GEST\u00dcTZTES<br>PROFILING. DIE JEWEILIGE RECHTSGRUNDLAGE, AUF DENEN EINE VERARBEITUNG BERUHT,<br>ENTNEHMEN SIE DIESER DATENSCHUTZERKL\u00c4RUNG. WENN SIE WIDERSPRUCH EINLEGEN,<br>WERDEN WIR IHRE BETROFFENEN PERSONENBEZOGENEN DATEN NICHT MEHR VERARBEITEN, ES<br>SEI DENN, WIR K\u00d6NNEN ZWINGENDE SCHUTZW\u00dcRDIGE GR\u00dcNDE F\u00dcR DIE VERARBEITUNG<br>NACHWEISEN, DIE IHRE INTERESSEN, RECHTE UND FREIHEITEN \u00dcBERWIEGEN ODER DIE<br>VERARBEITUNG DIENT DER GELTENDMACHUNG, AUS\u00dcBUNG ODER VERTEIDIGUNG VON<br>RECHTSANSPR\u00dcCHEN (WIDERSPRUCH NACH ART. 21 ABS. 1 DSGVO).<br>WERDEN IHRE PERSONENBEZOGENEN DATEN VERARBEITET, UM DIREKTWERBUNG ZU BETREIBEN,<br>SO HABEN SIE DAS RECHT, JEDERZEIT WIDERSPRUCH GEGEN DIE VERARBEITUNG SIE<br>BETREFFENDER PERSONENBEZOGENER DATEN ZUM ZWECKE DERARTIGER WERBUNG<br>EINZULEGEN; DIES GILT AUCH F\u00dcR DAS PROFILING, SOWEIT ES MIT SOLCHER DIREKTWERBUNG IN<br>VERBINDUNG STEHT. WENN SIE WIDERSPRECHEN, WERDEN IHRE PERSONENBEZOGENEN DATEN<br>ANSCHLIESSEND NICHT MEHR ZUM ZWECKE DER DIREKTWERBUNG VERWENDET (WIDERSPRUCH<br>NACH ART. 21 ABS. 2 DSGVO).<br>Beschwerderecht bei der zust\u00e4ndigen Aufsichtsbeh\u00f6rde<br>Im Falle von Verst\u00f6\u00dfen gegen die DSGVO steht den Betroffenen ein Beschwerderecht bei einer<br>Aufsichtsbeh\u00f6rde, insbesondere in dem Mitgliedstaat ihres gew\u00f6hnlichen Aufenthalts, ihres Arbeitsplatzes<br>oder des Orts des mutma\u00dflichen Versto\u00dfes zu. Das Beschwerderecht besteht unbeschadet anderweitiger<br>verwaltungsrechtlicher oder gerichtlicher Rechtsbehelfe.<br>Recht auf Daten\u00fcbertragbarkeit<br>Sie haben das Recht, Daten, die wir auf Grundlage Ihrer Einwilligung oder in Erf\u00fcllung eines Vertrags<br>automatisiert verarbeiten, an sich oder an einen Dritten in einem g\u00e4ngigen, maschinenlesbaren Format<br>aush\u00e4ndigen zu lassen. Sofern Sie die direkte \u00dcbertragung der Daten an einen anderen Verantwortlichen<br>verlangen, erfolgt dies nur, soweit es technisch machbar ist.<br>SSL- bzw. TLS-Verschl\u00fcsselung<br>Diese Seite nutzt aus Sicherheitsgr\u00fcnden und zum Schutz der \u00dcbertragung vertraulicher Inhalte, wie zum<br>Beispiel Bestellungen oder Anfragen, die Sie an uns als Seitenbetreiber senden, eine SSL- bzw. TLSVerschl\u00fcsselung.<br>Eine verschl\u00fcsselte Verbindung erkennen Sie daran, dass die Adresszeile des Browsers von<br>\u201ehttp:\/\/\u201c auf \u201ehttps:\/\/\u201c wechselt und an dem Schloss-Symbol in Ihrer Browserzeile.<br>Wenn die SSL- bzw. TLS-Verschl\u00fcsselung aktiviert ist, k\u00f6nnen die Daten, die Sie an uns \u00fcbermitteln, nicht<br>von Dritten mitgelesen werden.<br>Auskunft, L\u00f6schung und Berichtigung<br>Sie haben im Rahmen der geltenden gesetzlichen Bestimmungen jederzeit das Recht auf unentgeltliche<br>Auskunft \u00fcber Ihre gespeicherten personenbezogenen Daten, deren Herkunft und Empf\u00e4nger und den<br>Zweck der Datenverarbeitung und ggf. ein Recht auf Berichtigung oder L\u00f6schung dieser Daten. Hierzu sowie<br>zu weiteren Fragen zum Thema personenbezogene Daten k\u00f6nnen Sie sich jederzeit an uns wenden.<br>Recht auf Einschr\u00e4nkung der Verarbeitung<br>Sie haben das Recht, die Einschr\u00e4nkung der Verarbeitung Ihrer personenbezogenen Daten zu verlangen.<br>Hierzu k\u00f6nnen Sie sich jederzeit an uns wenden. Das Recht auf Einschr\u00e4nkung der Verarbeitung besteht in<br>folgenden F\u00e4llen:<br>Wenn Sie die Richtigkeit Ihrer bei uns gespeicherten personenbezogenen Daten bestreiten, ben\u00f6tigen wir<br>in der Regel Zeit, um dies zu \u00fcberpr\u00fcfen. F\u00fcr die Dauer der Pr\u00fcfung haben Sie das Recht, die<br>Einschr\u00e4nkung der Verarbeitung Ihrer personenbezogenen Daten zu verlangen.<br>Wenn die Verarbeitung Ihrer personenbezogenen Daten unrechtm\u00e4\u00dfig geschah\/geschieht, k\u00f6nnen Sie<br>statt der L\u00f6schung die Einschr\u00e4nkung der Datenverarbeitung verlangen.<br>Wenn wir Ihre personenbezogenen Daten nicht mehr ben\u00f6tigen, Sie sie jedoch zur Aus\u00fcbung,<br>Verteidigung oder Geltendmachung von Rechtsanspr\u00fcchen ben\u00f6tigen, haben Sie das Recht, statt der<br>L\u00f6schung die Einschr\u00e4nkung der Verarbeitung Ihrer personenbezogenen Daten zu verlangen.<br>Wenn Sie einen Widerspruch nach Art. 21 Abs. 1 DSGVO eingelegt haben, muss eine Abw\u00e4gung zwischen<br>Ihren und unseren Interessen vorgenommen werden. Solange noch nicht feststeht, wessen Interessen<br>\u00fcberwiegen, haben Sie das Recht, die Einschr\u00e4nkung der Verarbeitung Ihrer personenbezogenen Daten<br>zu verlangen.<br>Wenn Sie die Verarbeitung Ihrer personenbezogenen Daten eingeschr\u00e4nkt haben, d\u00fcrfen diese Daten \u2013 von<br>ihrer Speicherung abgesehen \u2013 nur mit Ihrer Einwilligung oder zur Geltendmachung, Aus\u00fcbung oder<br>Verteidigung von Rechtsanspr\u00fcchen oder zum Schutz der Rechte einer anderen nat\u00fcrlichen oder<br>juristischen Person oder aus Gr\u00fcnden eines wichtigen \u00f6ffentlichen Interesses der Europ\u00e4ischen Union oder<br>eines Mitgliedstaats verarbeitet werden.<br>4. Datenerfassung auf dieser Website<br>Cookies<br>Unsere Internetseiten verwenden so genannte \u201eCookies\u201c. Cookies sind kleine Textdateien und richten auf<br>Ihrem Endger\u00e4t keinen Schaden an. Sie werden entweder vor\u00fcbergehend f\u00fcr die Dauer einer Sitzung<br>(Session-Cookies) oder dauerhaft (permanente Cookies) auf Ihrem Endger\u00e4t gespeichert. Session-Cookies<br>werden nach Ende Ihres Besuchs automatisch gel\u00f6scht. Permanente Cookies bleiben auf Ihrem Endger\u00e4t<br>gespeichert, bis Sie diese selbst l\u00f6schen oder eine automatische L\u00f6schung durch Ihren Webbrowser erfolgt.<br>Teilweise k\u00f6nnen auch Cookies von Drittunternehmen auf Ihrem Endger\u00e4t gespeichert werden, wenn Sie<br>unsere Seite betreten (Third-Party-Cookies). Diese erm\u00f6glichen uns oder Ihnen die Nutzung bestimmter<br>Dienstleistungen des Drittunternehmens (z.B. Cookies zur Abwicklung von Zahlungsdienstleistungen).<br>Cookies haben verschiedene Funktionen. Zahlreiche Cookies sind technisch notwendig, da bestimmte<br>Websitefunktionen ohne diese nicht funktionieren w\u00fcrden (z.B. die Warenkorbfunktion oder die Anzeige<br>von Videos). Andere Cookies dienen dazu, das Nutzerverhalten auszuwerten oder Werbung anzuzeigen.<br>Cookies, die zur Durchf\u00fchrung des elektronischen Kommunikationsvorgangs (notwendige Cookies) oder zur<br>Bereitstellung bestimmter, von Ihnen erw\u00fcnschter Funktionen (funktionale Cookies, z. B. f\u00fcr die<br>Warenkorbfunktion) oder zur Optimierung der Website (z.B. Cookies zur Messung des Webpublikums)<br>erforderlich sind, werden auf Grundlage von Art. 6 Abs. 1 lit. f DSGVO gespeichert, sofern keine andere<br>Rechtsgrundlage angegeben wird. Der Websitebetreiber hat ein berechtigtes Interesse an der Speicherung<br>von Cookies zur technisch fehlerfreien und optimierten Bereitstellung seiner Dienste. Sofern eine<br>Einwilligung zur Speicherung von Cookies abgefragt wurde, erfolgt die Speicherung der betreffenden<br>Cookies ausschlie\u00dflich auf Grundlage dieser Einwilligung (Art. 6 Abs. 1 lit. a DSGVO); die Einwilligung ist<br>jederzeit widerrufbar.<br>Sie k\u00f6nnen Ihren Browser so einstellen, dass Sie \u00fcber das Setzen von Cookies informiert werden und<br>Cookies nur im Einzelfall erlauben, die Annahme von Cookies f\u00fcr bestimmte F\u00e4lle oder generell ausschlie\u00dfen<br>sowie das automatische L\u00f6schen der Cookies beim Schlie\u00dfen des Browsers aktivieren. Bei der<br>Deaktivierung von Cookies kann die Funktionalit\u00e4t dieser Website eingeschr\u00e4nkt sein.<br>Soweit Cookies von Drittunternehmen oder zu Analysezwecken eingesetzt werden, werden wir Sie hier\u00fcber<br>im Rahmen dieser Datenschutzerkl\u00e4rung gesondert informieren und ggf. eine Einwilligung abfragen.<br>Anfrage per E-Mail, Telefon oder Telefax<br>Wenn Sie uns per E-Mail, Telefon oder Telefax kontaktieren, wird Ihre Anfrage inklusive aller daraus<br>hervorgehenden personenbezogenen Daten (Name, Anfrage) zum Zwecke der Bearbeitung Ihres Anliegens<br>bei uns gespeichert und verarbeitet. Diese Daten geben wir nicht ohne Ihre Einwilligung weiter.<br>Die Verarbeitung dieser Daten erfolgt auf Grundlage von Art. 6 Abs. 1 lit. b DSGVO, sofern Ihre Anfrage mit<br>der Erf\u00fcllung eines Vertrags zusammenh\u00e4ngt oder zur Durchf\u00fchrung vorvertraglicher Ma\u00dfnahmen<br>erforderlich ist. In allen \u00fcbrigen F\u00e4llen beruht die Verarbeitung auf unserem berechtigten Interesse an der<br>effektiven Bearbeitung der an uns gerichteten Anfragen (Art. 6 Abs. 1 lit. f DSGVO) oder auf Ihrer<br>Einwilligung (Art. 6 Abs. 1 lit. a DSGVO) sofern diese abgefragt wurde.<br>Die von Ihnen an uns per Kontaktanfragen \u00fcbersandten Daten verbleiben bei uns, bis Sie uns zur L\u00f6schung<br>auffordern, Ihre Einwilligung zur Speicherung widerrufen oder der Zweck f\u00fcr die Datenspeicherung entf\u00e4llt<br>(z. B. nach abgeschlossener Bearbeitung Ihres Anliegens). Zwingende gesetzliche Bestimmungen \u2013<br>insbesondere gesetzliche Aufbewahrungsfristen \u2013 bleiben unber\u00fchrt.<br>Quelle:<br>https:\/\/www.e-recht24.de\/muster-datenschutzerklaerung.html<\/p>\n\n\n\n<p><\/p>\n\n\n\n<p><\/p>\n\n\n\n<p><\/p>\n\n\n\n<p><\/p>\n","protected":false},"excerpt":{"rendered":"<p>Datenschutzerkl\u00e4rung 1. Datenschutz auf einen BlickAllgemeine HinweiseDie folgenden Hinweise geben einen einfachen \u00dcberblick dar\u00fcber, was mit Ihren personenbezogenen Datenpassiert, wenn Sie diese Website besuchen. Personenbezogene Daten sind alle Daten, mit denen Siepers\u00f6nlich identifiziert werden k\u00f6nnen. Ausf\u00fchrliche Informationen zum Thema Datenschutz entnehmenSie unserer unter diesem Text aufgef\u00fchrten Datenschutzerkl\u00e4rung.Datenerfassung auf dieser WebsiteWer ist verantwortlich f\u00fcr die Datenerfassung [&hellip;]<\/p>\n","protected":false},"author":1,"featured_media":0,"parent":0,"menu_order":0,"comment_status":"closed","ping_status":"closed","template":"","meta":{"footnotes":""},"class_list":["post-74","page","type-page","status-publish","hentry"],"_links":{"self":[{"href":"https:\/\/op360.de\/index.php?rest_route=\/wp\/v2\/pages\/74","targetHints":{"allow":["GET"]}}],"collection":[{"href":"https:\/\/op360.de\/index.php?rest_route=\/wp\/v2\/pages"}],"about":[{"href":"https:\/\/op360.de\/index.php?rest_route=\/wp\/v2\/types\/page"}],"author":[{"embeddable":true,"href":"https:\/\/op360.de\/index.php?rest_route=\/wp\/v2\/users\/1"}],"replies":[{"embeddable":true,"href":"https:\/\/op360.de\/index.php?rest_route=%2Fwp%2Fv2%2Fcomments&post=74"}],"version-history":[{"count":1,"href":"https:\/\/op360.de\/index.php?rest_route=\/wp\/v2\/pages\/74\/revisions"}],"predecessor-version":[{"id":75,"href":"https:\/\/op360.de\/index.php?rest_route=\/wp\/v2\/pages\/74\/revisions\/75"}],"wp:attachment":[{"href":"https:\/\/op360.de\/index.php?rest_route=%2Fwp%2Fv2%2Fmedia&parent=74"}],"curies":[{"name":"wp","href":"https:\/\/api.w.org\/{rel}","templated":true}]}}